{"id":277807,"date":"2024-09-16T15:33:20","date_gmt":"2024-09-16T18:33:20","guid":{"rendered":"https:\/\/www.dfx.com.br\/?page_id=277807"},"modified":"2024-09-16T16:57:14","modified_gmt":"2024-09-16T19:57:14","slug":"automotivo","status":"publish","type":"page","link":"https:\/\/www.dfx.com.br\/es\/segmentos\/automotivo\/","title":{"rendered":"Automotriz"},"content":{"rendered":"<p>[et_pb_section fb_built=&#8221;1&#8243; _builder_version=&#8221;4.27.0&#8243; _module_preset=&#8221;default&#8221; background_color=&#8221;rgba(37,69,102,0.92)&#8221; background_enable_image=&#8221;off&#8221; custom_padding=&#8221;0px||0px||true|false&#8221; locked=&#8221;off&#8221; global_colors_info=&#8221;{}&#8221;][et_pb_row _builder_version=&#8221;4.27.0&#8243; _module_preset=&#8221;default&#8221; width=&#8221;90%&#8221; custom_padding=&#8221;||0px||false|false&#8221; global_colors_info=&#8221;{}&#8221;][et_pb_column type=&#8221;4_4&#8243; _builder_version=&#8221;4.27.0&#8243; _module_preset=&#8221;default&#8221; global_colors_info=&#8221;{}&#8221;][et_pb_image src=&#8221;https:\/\/www.dfx.com.br\/wp-content\/uploads\/2024\/09\/Divisor.png&#8221; title_text=&#8221;Divisor&#8221; disabled_on=&#8221;off|off|on&#8221; _builder_version=&#8221;4.27.0&#8243; _module_preset=&#8221;default&#8221; vertical_offset=&#8221;20px&#8221; horizontal_offset=&#8221;-66px&#8221; width=&#8221;10%&#8221; custom_margin=&#8221;||11px||false|false&#8221; global_colors_info=&#8221;{}&#8221;][\/et_pb_image][et_pb_text _builder_version=&#8221;4.27.0&#8243; _module_preset=&#8221;default&#8221; header_font=&#8221;&#8211;et_global_heading_font|700|||||||&#8221; header_text_align=&#8221;left&#8221; header_text_color=&#8221;#FFFFFF&#8221; header_font_size=&#8221;40px&#8221; header_line_height=&#8221;1.2em&#8221; custom_margin=&#8221;||||false|false&#8221; header_font_size_tablet=&#8221;40px&#8221; header_font_size_phone=&#8221;28px&#8221; header_font_size_last_edited=&#8221;on|phone&#8221; locked=&#8221;off&#8221; global_colors_info=&#8221;{}&#8221;]<\/p>\n<h1>Segmentos<\/h1>\n<p>[\/et_pb_text][et_pb_image src=&#8221;https:\/\/www.dfx.com.br\/wp-content\/uploads\/2024\/09\/Divisor.png&#8221; title_text=&#8221;Divisor&#8221; disabled_on=&#8221;on|on|off&#8221; _builder_version=&#8221;4.27.0&#8243; _module_preset=&#8221;default&#8221; positioning=&#8221;absolute&#8221; vertical_offset=&#8221;20px&#8221; horizontal_offset=&#8221;-66px&#8221; width=&#8221;4%&#8221; global_colors_info=&#8221;{}&#8221;][\/et_pb_image][\/et_pb_column][\/et_pb_row][\/et_pb_section][et_pb_section fb_built=&#8221;1&#8243; _builder_version=&#8221;4.27.0&#8243; _module_preset=&#8221;default&#8221; custom_padding=&#8221;0px||0px||false|false&#8221; locked=&#8221;off&#8221; global_colors_info=&#8221;{}&#8221;][et_pb_row _builder_version=&#8221;4.27.0&#8243; _module_preset=&#8221;default&#8221; global_colors_info=&#8221;{}&#8221;][et_pb_column type=&#8221;4_4&#8243; _builder_version=&#8221;4.27.0&#8243; _module_preset=&#8221;default&#8221; global_colors_info=&#8221;{}&#8221;][dsm_breadcrumbs _builder_version=&#8221;4.27.0&#8243; _module_preset=&#8221;default&#8221; items_font=&#8221;&#8211;et_global_body_font||||||||&#8221; items_text_color=&#8221;#262626&#8243; current_font=&#8221;|700|||||||&#8221; current_text_color=&#8221;#061b35&#8243; custom_margin=&#8221;||||false|false&#8221; custom_padding=&#8221;||||false|false&#8221; global_colors_info=&#8221;{}&#8221;][\/dsm_breadcrumbs][\/et_pb_column][\/et_pb_row][\/et_pb_section][et_pb_section fb_built=&#8221;1&#8243; disabled_on=&#8221;on|on|off&#8221; _builder_version=&#8221;4.27.0&#8243; _module_preset=&#8221;default&#8221; background_color=&#8221;RGBA(255,255,255,0)&#8221; custom_padding=&#8221;||6%||false|false&#8221; locked=&#8221;off&#8221; global_colors_info=&#8221;{}&#8221;][et_pb_row column_structure=&#8221;1_2,1_2&#8243; use_custom_gutter=&#8221;on&#8221; gutter_width=&#8221;1&#8243; make_equal=&#8221;on&#8221; _builder_version=&#8221;4.27.0&#8243; _module_preset=&#8221;default&#8221; width=&#8221;90%&#8221; custom_padding=&#8221;0px||||false|false&#8221; locked=&#8221;off&#8221; global_colors_info=&#8221;{}&#8221;][et_pb_column type=&#8221;1_2&#8243; _builder_version=&#8221;4.27.0&#8243; _module_preset=&#8221;default&#8221; custom_padding=&#8221;0%|5%|0%|0px|true|false&#8221; custom_padding_tablet=&#8221;1%|0%|1%|5%|true|false&#8221; custom_padding_phone=&#8221;2%|0%|0%|0%|false|true&#8221; custom_padding_last_edited=&#8221;on|phone&#8221; global_colors_info=&#8221;{}&#8221;][et_pb_divider color=&#8221;#fbae40&#8243; divider_weight=&#8221;7px&#8221; _builder_version=&#8221;4.27.0&#8243; _module_preset=&#8221;default&#8221; width=&#8221;77px&#8221; module_alignment=&#8221;left&#8221; custom_margin=&#8221;||7px||false|false&#8221; locked=&#8221;off&#8221; global_colors_info=&#8221;{}&#8221;][\/et_pb_divider][et_pb_text _builder_version=&#8221;4.27.0&#8243; _module_preset=&#8221;default&#8221; header_font=&#8221;&#8211;et_global_heading_font|700|||||||&#8221; header_text_align=&#8221;left&#8221; header_text_color=&#8221;#0f2e4e&#8221; header_font_size=&#8221;34px&#8221; header_line_height=&#8221;1.2em&#8221; custom_margin=&#8221;||15px||false|false&#8221; global_colors_info=&#8221;{}&#8221;]<\/p>\n<h1>Departamento Automotivo<\/h1>\n<p>[\/et_pb_text][et_pb_text _builder_version=&#8221;4.27.0&#8243; _module_preset=&#8221;default&#8221; text_font=&#8221;&#8211;et_global_body_font||||||||&#8221; text_text_color=&#8221;#2e2e2e&#8221; text_font_size=&#8221;16px&#8221; text_line_height=&#8221;1.6em&#8221; custom_margin=&#8221;||25px||false|false&#8221; text_font_size_tablet=&#8221;16px&#8221; text_font_size_phone=&#8221;14px&#8221; text_font_size_last_edited=&#8221;on|phone&#8221; global_colors_info=&#8221;{}&#8221;]<\/p>\n<p>Em 1998 a DFX criou a sua primeira c\u00e9lula operacional dedicada ao atendimento exclusivo de empresas do segmento automotivo, participando desde o projeto, planejamento e organiza\u00e7\u00e3o log\u00edsticos, para o in\u00edcio da produ\u00e7\u00e3o de\u00a0 ve\u00edculos no Brasil e linhas exclusivas de exporta\u00e7\u00e3o.<\/p>\n<p>Desde ent\u00e3o, a DFX presta servi\u00e7os de consultoria com foco em legisla\u00e7\u00e3o aduaneira, agenciamento de embarques a\u00e9reos, coordena\u00e7\u00e3o log\u00edstica do transporte internacional na cadeia log\u00edstica do \u201cdoor to door\u201d, integral ou parcial, e desembara\u00e7o aduaneiro.<\/p>\n<p>Planejamos e operacionalizamos a transfer\u00eancia de linhas de produ\u00e7\u00e3o de ve\u00edculos, montagem bruta e final. Acompanhamos desde a desmontagem nos locais de origem, orientando quanto a ova\u00e7\u00e3o dos containers e elabora\u00e7\u00e3o documental dos fornecedores locais respons\u00e1veis, at\u00e9 a entrega na f\u00e1brica de todos equipamentos importados.<\/p>\n<p>[\/et_pb_text][dsm_icon_list icon_color=&#8221;#fbae40&#8243; icon_gap_width=&#8221;2.2em&#8221; icon_font_size=&#8221;20px&#8221; list_space_between=&#8221;19px&#8221; text_indent=&#8221;4px&#8221; image_max_width=&#8221;13px&#8221; _builder_version=&#8221;4.27.0&#8243; _module_preset=&#8221;default&#8221; text_font=&#8221;&#8211;et_global_body_font||||||||&#8221; text_text_color=&#8221;#2e2e2e&#8221; text_font_size=&#8221;16px&#8221; text_line_height=&#8221;1.6em&#8221; custom_margin=&#8221;||35px||false|false&#8221; locked=&#8221;off&#8221; global_colors_info=&#8221;{}&#8221;][dsm_icon_list_child text=&#8221;Parceria de sucesso com as maiores empresas do setor, trabalhando expressivas redu\u00e7\u00f5es de lead time.&#8221; font_icon=&#8221;&#x5e;||divi||400&#8243; _builder_version=&#8221;4.27.0&#8243; _module_preset=&#8221;default&#8221; global_colors_info=&#8221;{}&#8221;]Parceria com agentes especializados nos respectivos setores atendendo por completo as necessidades do cliente.[\/dsm_icon_list_child][dsm_icon_list_child text=&#8221;C\u00e9lulas operacionais dedicadas e exclusivas ao atendimento das opera\u00e7\u00f5es por cliente, compostas por colaboradores dedicados atuando internamente e externamente nos principais portos e aeroportos do pa\u00eds.&#8221; font_icon=&#8221;&#x5e;||divi||400&#8243; _builder_version=&#8221;4.27.0&#8243; _module_preset=&#8221;default&#8221; global_colors_info=&#8221;{}&#8221;]Parceria com agentes especializados nos respectivos setores atendendo por completo as necessidades do cliente.[\/dsm_icon_list_child][dsm_icon_list_child text=&#8221;Profundo conhecimento da legisla\u00e7\u00e3o aduaneira, reciclagem cont\u00ednua de nossos colaboradores buscando as melhores performances em cada um dos est\u00e1gios do processo log\u00edstico.&#8221; font_icon=&#8221;&#x5e;||divi||400&#8243; _builder_version=&#8221;4.27.0&#8243; _module_preset=&#8221;default&#8221; global_colors_info=&#8221;{}&#8221;]Parceria com agentes especializados nos respectivos setores atendendo por completo as necessidades do cliente.[\/dsm_icon_list_child][\/dsm_icon_list][et_pb_button button_url=&#8221;https:\/\/www.dfx.com.br\/cotacao\/&#8221; button_text=&#8221;Entrar em contato &#8221; button_alignment=&#8221;left&#8221; _builder_version=&#8221;4.27.0&#8243; _module_preset=&#8221;default&#8221; custom_button=&#8221;on&#8221; button_text_size=&#8221;16px&#8221; button_text_color=&#8221;#fbae40&#8243; button_bg_color=&#8221;RGBA(255,255,255,0)&#8221; button_border_width=&#8221;2px&#8221; button_border_color=&#8221;#fbae40&#8243; button_border_radius=&#8221;30px&#8221; button_icon=&#8221;&#xf101;||fa||900&#8243; custom_margin=&#8221;||||false|false&#8221; hover_enabled=&#8221;0&#8243; locked=&#8221;off&#8221; global_colors_info=&#8221;{}&#8221; sticky_enabled=&#8221;0&#8243;][\/et_pb_button][\/et_pb_column][et_pb_column type=&#8221;1_2&#8243; _builder_version=&#8221;4.27.0&#8243; _module_preset=&#8221;default&#8221; global_colors_info=&#8221;{}&#8221;][et_pb_image src=&#8221;https:\/\/www.dfx.com.br\/wp-content\/uploads\/2024\/09\/automotivo1.png&#8221; title_text=&#8221;automotivo1&#8243; _builder_version=&#8221;4.27.0&#8243; _module_preset=&#8221;default&#8221; transform_scale_last_edited=&#8221;off|desktop&#8221; transform_translate_last_edited=&#8221;off|desktop&#8221; transform_translate_linked__hover=&#8221;off&#8221; transform_rotate_last_edited=&#8221;off|desktop&#8221; transform_skew_last_edited=&#8221;off|desktop&#8221; transform_origin_last_edited=&#8221;off|desktop&#8221; transform_styles_last_edited=&#8221;off|desktop&#8221; z_index=&#8221;17&#8243; custom_margin=&#8221;||16px||false|false&#8221; animation_style=&#8221;slide&#8221; animation_direction=&#8221;right&#8221; border_radii=&#8221;on|25px|25px|25px|25px&#8221; global_colors_info=&#8221;{}&#8221; transform_styles__hover_enabled=&#8221;on|hover&#8221; transform_scale__hover_enabled=&#8221;on|hover&#8221; transform_translate__hover_enabled=&#8221;on|hover&#8221; transform_rotate__hover_enabled=&#8221;on|desktop&#8221; transform_skew__hover_enabled=&#8221;on|desktop&#8221; transform_origin__hover_enabled=&#8221;on|desktop&#8221; transform_scale__hover=&#8221;102%|102%&#8221; transform_translate__hover=&#8221;0px|-5px&#8221;][\/et_pb_image][dsm_image_carousel gallery_ids=&#8221;277891,277892&#8243; slide_to_show=&#8221;2&#8243; autoplay=&#8221;off&#8221; infinite=&#8221;off&#8221; arrows=&#8221;off&#8221; dots=&#8221;off&#8221; grab=&#8221;off&#8221; _builder_version=&#8221;4.27.0&#8243; _module_preset=&#8221;default&#8221; custom_margin=&#8221;0px|0px|0px|0px|true|true&#8221; custom_padding=&#8221;0px|0px|0px|0px|true|true&#8221; animation_style=&#8221;slide&#8221; animation_direction=&#8221;right&#8221; border_radii_image=&#8221;on|25px|25px|25px|25px&#8221; global_colors_info=&#8221;{}&#8221;][\/dsm_image_carousel][et_pb_image src=&#8221;https:\/\/www.dfx.com.br\/wp-content\/uploads\/2024\/09\/Retangulo-122.png&#8221; title_text=&#8221;Ret\u00e2ngulo 122&#8243; disabled_on=&#8221;off|off|off&#8221; _builder_version=&#8221;4.27.0&#8243; _module_preset=&#8221;default&#8221; transform_scale=&#8221;110%|110%&#8221; positioning=&#8221;absolute&#8221; position_origin_a=&#8221;top_right&#8221; vertical_offset=&#8221;-19px&#8221; horizontal_offset=&#8221;0px&#8221; width=&#8221;100%&#8221; global_colors_info=&#8221;{}&#8221;][\/et_pb_image][\/et_pb_column][\/et_pb_row][\/et_pb_section][et_pb_section fb_built=&#8221;1&#8243; disabled_on=&#8221;off|off|on&#8221; module_id=&#8221;seguro&#8221; module_class=&#8221;seguro&#8221; _builder_version=&#8221;4.27.0&#8243; _module_preset=&#8221;default&#8221; locked=&#8221;off&#8221; global_colors_info=&#8221;{}&#8221;][et_pb_row column_structure=&#8221;3_5,2_5&#8243; make_equal=&#8221;on&#8221; _builder_version=&#8221;4.27.0&#8243; _module_preset=&#8221;default&#8221; width=&#8221;90%&#8221; locked=&#8221;off&#8221; global_colors_info=&#8221;{}&#8221;][et_pb_column type=&#8221;3_5&#8243; _builder_version=&#8221;4.27.0&#8243; _module_preset=&#8221;default&#8221; custom_padding_tablet=&#8221;&#8221; custom_padding_phone=&#8221;||5%||false|false&#8221; custom_padding_last_edited=&#8221;on|phone&#8221; global_colors_info=&#8221;{}&#8221;][et_pb_divider color=&#8221;#fbae40&#8243; divider_weight=&#8221;7px&#8221; _builder_version=&#8221;4.27.0&#8243; _module_preset=&#8221;default&#8221; width=&#8221;77px&#8221; module_alignment=&#8221;left&#8221; custom_margin=&#8221;||7px||false|false&#8221; locked=&#8221;off&#8221; global_colors_info=&#8221;{}&#8221;][\/et_pb_divider][et_pb_text _builder_version=&#8221;4.27.0&#8243; _module_preset=&#8221;default&#8221; header_font=&#8221;&#8211;et_global_heading_font|700|||||||&#8221; header_text_align=&#8221;left&#8221; header_text_color=&#8221;#0f2e4e&#8221; header_font_size=&#8221;34px&#8221; header_line_height=&#8221;1.3em&#8221; custom_margin=&#8221;||15px||false|false&#8221; header_font_size_tablet=&#8221;34px&#8221; header_font_size_phone=&#8221;28px&#8221; header_font_size_last_edited=&#8221;on|phone&#8221; global_colors_info=&#8221;{}&#8221;]<\/p>\n<h1>Departamento Automotivo<\/h1>\n<p>[\/et_pb_text][et_pb_text _builder_version=&#8221;4.27.0&#8243; _module_preset=&#8221;default&#8221; text_font=&#8221;&#8211;et_global_body_font||||||||&#8221; text_text_color=&#8221;#2e2e2e&#8221; text_font_size=&#8221;16px&#8221; text_line_height=&#8221;1.6em&#8221; custom_margin=&#8221;||25px||false|false&#8221; text_font_size_tablet=&#8221;16px&#8221; text_font_size_phone=&#8221;14px&#8221; text_font_size_last_edited=&#8221;on|phone&#8221; global_colors_info=&#8221;{}&#8221;]<\/p>\n<p>Em 1998 a DFX criou a sua primeira c\u00e9lula operacional dedicada ao atendimento exclusivo de empresas do segmento automotivo, participando desde o projeto, planejamento e organiza\u00e7\u00e3o log\u00edsticos, para o in\u00edcio da produ\u00e7\u00e3o de\u00a0 ve\u00edculos no Brasil e linhas exclusivas de exporta\u00e7\u00e3o.<\/p>\n<p>Desde ent\u00e3o, a DFX presta servi\u00e7os de consultoria com foco em legisla\u00e7\u00e3o aduaneira, agenciamento de embarques a\u00e9reos, coordena\u00e7\u00e3o log\u00edstica do transporte internacional na cadeia log\u00edstica do \u201cdoor to door\u201d, integral ou parcial, e desembara\u00e7o aduaneiro.<\/p>\n<p>Planejamos e operacionalizamos a transfer\u00eancia de linhas de produ\u00e7\u00e3o de ve\u00edculos, montagem bruta e final. Acompanhamos desde a desmontagem nos locais de origem, orientando quanto a ova\u00e7\u00e3o dos containers e elabora\u00e7\u00e3o documental dos fornecedores locais respons\u00e1veis, at\u00e9 a entrega na f\u00e1brica de todos equipamentos importados.<\/p>\n<p>[\/et_pb_text][dsm_icon_list icon_color=&#8221;#fbae40&#8243; icon_gap_width=&#8221;2.2em&#8221; icon_font_size=&#8221;20px&#8221; list_space_between=&#8221;19px&#8221; text_indent=&#8221;4px&#8221; image_max_width=&#8221;13px&#8221; _builder_version=&#8221;4.27.0&#8243; _module_preset=&#8221;default&#8221; text_font=&#8221;&#8211;et_global_body_font||||||||&#8221; text_text_color=&#8221;#2e2e2e&#8221; text_font_size=&#8221;16px&#8221; text_line_height=&#8221;1.6em&#8221; custom_margin=&#8221;||35px||false|false&#8221; locked=&#8221;off&#8221; global_colors_info=&#8221;{}&#8221;][dsm_icon_list_child text=&#8221;Parceria de sucesso com as maiores empresas do setor, trabalhando expressivas redu\u00e7\u00f5es de lead time.&#8221; font_icon=&#8221;&#x5e;||divi||400&#8243; _builder_version=&#8221;4.27.0&#8243; _module_preset=&#8221;default&#8221; global_colors_info=&#8221;{}&#8221;]Parceria com agentes especializados nos respectivos setores atendendo por completo as necessidades do cliente.[\/dsm_icon_list_child][dsm_icon_list_child text=&#8221;C\u00e9lulas operacionais dedicadas e exclusivas ao atendimento das opera\u00e7\u00f5es por cliente, compostas por colaboradores dedicados atuando internamente e externamente nos principais portos e aeroportos do pa\u00eds.&#8221; font_icon=&#8221;&#x5e;||divi||400&#8243; _builder_version=&#8221;4.27.0&#8243; _module_preset=&#8221;default&#8221; global_colors_info=&#8221;{}&#8221;]Parceria com agentes especializados nos respectivos setores atendendo por completo as necessidades do cliente.[\/dsm_icon_list_child][dsm_icon_list_child text=&#8221;Profundo conhecimento da legisla\u00e7\u00e3o aduaneira, reciclagem cont\u00ednua de nossos colaboradores buscando as melhores performances em cada um dos est\u00e1gios do processo log\u00edstico.&#8221; font_icon=&#8221;&#x5e;||divi||400&#8243; _builder_version=&#8221;4.27.0&#8243; _module_preset=&#8221;default&#8221; global_colors_info=&#8221;{}&#8221;]Parceria com agentes especializados nos respectivos setores atendendo por completo as necessidades do cliente.[\/dsm_icon_list_child][\/dsm_icon_list][et_pb_button button_url=&#8221;https:\/\/www.dfx.com.br\/cotacao\/&#8221; button_text=&#8221;Entrar em contato &#8221; button_alignment=&#8221;left&#8221; _builder_version=&#8221;4.27.0&#8243; _module_preset=&#8221;default&#8221; custom_button=&#8221;on&#8221; button_text_size=&#8221;16px&#8221; button_text_color=&#8221;#fbae40&#8243; button_bg_color=&#8221;RGBA(255,255,255,0)&#8221; button_border_width=&#8221;2px&#8221; button_border_color=&#8221;#fbae40&#8243; button_border_radius=&#8221;30px&#8221; button_icon=&#8221;&#xf101;||fa||900&#8243; custom_margin=&#8221;||||false|false&#8221; hover_enabled=&#8221;0&#8243; button_text_size_tablet=&#8221;16px&#8221; button_text_size_phone=&#8221;14px&#8221; button_text_size_last_edited=&#8221;on|phone&#8221; locked=&#8221;off&#8221; global_colors_info=&#8221;{}&#8221; sticky_enabled=&#8221;0&#8243;][\/et_pb_button][\/et_pb_column][et_pb_column type=&#8221;2_5&#8243; _builder_version=&#8221;4.27.0&#8243; _module_preset=&#8221;default&#8221; custom_padding=&#8221;3%||||false|false&#8221; global_colors_info=&#8221;{}&#8221;][et_pb_image src=&#8221;https:\/\/www.dfx.com.br\/wp-content\/uploads\/2024\/09\/automotivo1.png&#8221; title_text=&#8221;automotivo1&#8243; _builder_version=&#8221;4.27.0&#8243; _module_preset=&#8221;default&#8221; border_radii=&#8221;on|25px|25px|25px|25px&#8221; box_shadow_style=&#8221;preset4&#8243; box_shadow_horizontal=&#8221;-15px&#8221; box_shadow_vertical=&#8221;-15px&#8221; box_shadow_color=&#8221;#fbae40&#8243; global_colors_info=&#8221;{}&#8221;][\/et_pb_image][dsm_image_carousel gallery_ids=&#8221;277891,277892&#8243; slide_to_show=&#8221;2&#8243; slide_to_scroll=&#8221;2&#8243; autoplay=&#8221;off&#8221; infinite=&#8221;off&#8221; arrows=&#8221;off&#8221; dots=&#8221;off&#8221; grab=&#8221;off&#8221; slide_to_show_tablet=&#8221;2&#8243; slide_to_show_phone=&#8221;2&#8243; slide_to_show_last_edited=&#8221;on|phone&#8221; slide_to_scroll_tablet=&#8221;2&#8243; slide_to_scroll_phone=&#8221;2&#8243; slide_to_scroll_last_edited=&#8221;on|phone&#8221; _builder_version=&#8221;4.27.0&#8243; _module_preset=&#8221;default&#8221; custom_margin=&#8221;0px|0px|0px|0px|true|true&#8221; custom_padding=&#8221;0px|0px|0px|0px|true|true&#8221; animation_style=&#8221;slide&#8221; animation_direction=&#8221;right&#8221; border_radii_image=&#8221;on|25px|25px|25px|25px&#8221; global_colors_info=&#8221;{}&#8221;][\/dsm_image_carousel][\/et_pb_column][\/et_pb_row][\/et_pb_section]<\/p>\n","protected":false},"excerpt":{"rendered":"<p>Segmentos<div class=\"et_pb_module dsm_breadcrumbs dsm_breadcrumbs_0\">\n\t\t\t\t\n\t\t\t\t\n\t\t\t\t\n\t\t\t\t\n\t\t\t\t\n\t\t\t\t\n\t\t\t\t<div class=\"et_pb_module_inner\">\n\t\t\t\t\t<nav class=\"dsm_breadcrumbs_wrap\">\n\t\t\t\t<ul class=\"dsm_breadcrumbs\" itemscope itemtype=\"https:\/\/schema.org\/BreadcrumbList\">\t\t\t<li class=\"dsm_breadcrumbs_item dsm_home_item dsm_home_item_custom\" itemprop=\"itemListElement\" itemscope\n\t\t\titemtype=\"https:\/\/schema.org\/ListItem\">\n\t\t\t\t<a href=\"https:\/\/www.dfx.com.br\/es\" itemprop=\"item\" target=\"\">\n\t\t\t\t\t<span class='dsm_home_text_wrapper'>\n\t\t\t\t\t\t\t\t\t\t\t\t\t<span class=\"et-pb-icon dsm_home_icon\">\ue009<\/span>\n\t\t\t\t\t\t\t\t\t\t\t\t\t<span class=\"dsm_home_text\" itemprop=\"name\">\n\t\t\t\t\t\t\t\tHome\t\t\t\t\t\t\t<\/span>\n\t\t\t\t\t<\/span>\n\t\t\t\t<\/a>\n\t\t\t\t<meta itemprop=\"position\" content=\"1\" \/>\n\t\t\t<\/li>\n\n\t\t<li class=\"dsm_breadcrumbs_separator\"> <span class=\"et-pb-icon dsm_separator_icon\">5<\/span><\/li><br \/>\n<b>Warning<\/b>:  Attempt to read property \"term_id\" on null in <b>\/home\/dfx\/www\/wp-content\/plugins\/supreme-modules-pro-for-divi\/includes\/modules\/Breadcrumbs\/Breadcrumbs.php<\/b> on line <b>704<\/b><br \/>\n<\/ul>\n\t\t\t<\/nav>\n\t\t\t\t<\/div>\n\t\t\t<\/div>Departamento AutomotivoEm 1998 a DFX criou a sua primeira c\u00e9lula operacional dedicada ao atendimento exclusivo de empresas do segmento automotivo, participando desde o projeto, planejamento e organiza\u00e7\u00e3o log\u00edsticos, para o in\u00edcio da produ\u00e7\u00e3o de\u00a0 ve\u00edculos no Brasil e linhas exclusivas de exporta\u00e7\u00e3o. Desde ent\u00e3o, a DFX presta servi\u00e7os de consultoria com foco em legisla\u00e7\u00e3o aduaneira, agenciamento de embarques a\u00e9reos, coordena\u00e7\u00e3o log\u00edstica do transporte internacional na cadeia log\u00edstica do \u201cdoor to door\u201d, integral ou parcial, e desembara\u00e7o aduaneiro. Planejamos e operacionalizamos a transfer\u00eancia de linhas de produ\u00e7\u00e3o de ve\u00edculos, montagem bruta e final. Acompanhamos desde a desmontagem nos locais de origem, orientando quanto a ova\u00e7\u00e3o dos containers e elabora\u00e7\u00e3o documental dos fornecedores locais respons\u00e1veis, at\u00e9 a entrega na f\u00e1brica de todos equipamentos importados.<div class=\"et_pb_module dsm_icon_list dsm_icon_list_0\">\n\t\t\t\t\n\t\t\t\t\n\t\t\t\t\n\t\t\t\t\n\t\t\t\t\n\t\t\t\t\n\t\t\t\t<div class=\"et_pb_module_inner\">\n\t\t\t\t\t<ul class=\"dsm_icon_list_items dsm_icon_list_ltr_direction dsm_icon_list_layout_vertical\"><\/ul>\n\t\t\t\t<\/div>\n\t\t\t<\/div><li class=\"dsm_icon_list_child dsm_icon_list_child_0\">\n\t\t\t\t\n\t\t\t\t\n\t\t\t\t\n\t\t\t\t\n\t\t\t\t<span class=\"dsm_icon_list_wrapper\"><span class=\"dsm_icon_list_icon\">^<\/span><\/span><span class=\"dsm_icon_list_text\">Sociedad exitosa con las mayores empresas del sector, trabajando expresivas reducciones de lead time<\/span>\n\t\t\t<\/li><li class=\"dsm_icon_list_child dsm_icon_list_child_1\">\n\t\t\t\t\n\t\t\t\t\n\t\t\t\t\n\t\t\t\t\n\t\t\t\t<span class=\"dsm_icon_list_wrapper\"><span class=\"dsm_icon_list_icon\">P<\/span><\/span><span class=\"dsm_icon_list_text\">&#8221;C\u00e9lulas<\/span>\n\t\t\t<\/li><\/p>","protected":false},"author":4,"featured_media":0,"parent":302,"menu_order":0,"comment_status":"closed","ping_status":"closed","template":"","meta":{"_et_pb_use_builder":"on","_et_pb_old_content":"<!-- wp:divi\/placeholder \/-->","_et_gb_content_width":"","_joinchat":[],"footnotes":""},"class_list":["post-277807","page","type-page","status-publish","hentry"],"_links":{"self":[{"href":"https:\/\/www.dfx.com.br\/es\/wp-json\/wp\/v2\/pages\/277807","targetHints":{"allow":["GET"]}}],"collection":[{"href":"https:\/\/www.dfx.com.br\/es\/wp-json\/wp\/v2\/pages"}],"about":[{"href":"https:\/\/www.dfx.com.br\/es\/wp-json\/wp\/v2\/types\/page"}],"author":[{"embeddable":true,"href":"https:\/\/www.dfx.com.br\/es\/wp-json\/wp\/v2\/users\/4"}],"replies":[{"embeddable":true,"href":"https:\/\/www.dfx.com.br\/es\/wp-json\/wp\/v2\/comments?post=277807"}],"version-history":[{"count":0,"href":"https:\/\/www.dfx.com.br\/es\/wp-json\/wp\/v2\/pages\/277807\/revisions"}],"up":[{"embeddable":true,"href":"https:\/\/www.dfx.com.br\/es\/wp-json\/wp\/v2\/pages\/302"}],"wp:attachment":[{"href":"https:\/\/www.dfx.com.br\/es\/wp-json\/wp\/v2\/media?parent=277807"}],"curies":[{"name":"wp","href":"https:\/\/api.w.org\/{rel}","templated":true}]}}